{"id":1066,"date":"2023-02-14T14:10:04","date_gmt":"2023-02-14T17:10:04","guid":{"rendered":"https:\/\/atfivegin.woorocket.com.br\/?page_id=1066"},"modified":"2023-02-14T14:25:53","modified_gmt":"2023-02-14T17:25:53","slug":"receitas","status":"publish","type":"page","link":"https:\/\/atfivegin.com\/en\/receitas\/","title":{"rendered":"Recipes"},"content":{"rendered":"\t<section class=\"section has-parallax\" id=\"section_1960820866\">\n\t\t<div class=\"bg section-bg fill bg-fill  \" data-parallax-container=\".section\" data-parallax-background data-parallax=\"-4\">\n\n\t\t\t\n\t\t\t\n\t\t\t\n\n\t\t<\/div>\n\n\t\t\n\n\t\t<div class=\"section-content relative\">\n\t\t\t\n<div class=\"row\"  id=\"row-1203710949\">\n\n\t<div id=\"col-1791672340\" class=\"col medium-6 small-12 large-6\"  >\n\t\t\t\t<div class=\"col-inner\"  >\n\t\t\t\n\t\t\t\n\t<div id=\"text-2271139602\" class=\"text line-before\">\n\t\t\n<h2>Receitas<\/h2>\n\t\t\n<style>\n#text-2271139602 {\n  color: #a35138;\n}\n#text-2271139602 > * {\n  color: #a35138;\n}\n<\/style>\n\t<\/div>\n\t\n\t\t<\/div>\n\t\t\t\t\t<\/div>\n\n\t\n<\/div>\n\t\t<\/div>\n\n\t\t\n<style>\n#section_1960820866 {\n  padding-top: 30px;\n  padding-bottom: 30px;\n  min-height: 300px;\n}\n#section_1960820866 .section-bg.bg-loaded {\n  background-image: url(https:\/\/atfivegin.com\/wp-content\/uploads\/2023\/02\/iStock-1084699372.jpg);\n}\n<\/style>\n\t<\/section>\n\t\n\t<section class=\"section\" id=\"section_938057849\">\n\t\t<div class=\"bg section-bg fill bg-fill  bg-loaded\" >\n\n\t\t\t\n\t\t\t\n\t\t\t\n\n\t\t<\/div>\n\n\t\t\n\n\t\t<div class=\"section-content relative\">\n\t\t\t\n<div class=\"row align-equal\"  id=\"row-1955739558\">\n\n\t<div id=\"col-203244344\" class=\"col medium-6 small-6 large-6\"  data-animate=\"fadeInUp\">\n\t\t\t\t<div class=\"col-inner\"  >\n\t\t\t\n\t\t\t\n\n  \n    <div class=\"row large-columns-1 medium-columns-1 small-columns-1\" >\n  <\/div>\n\t\t<\/div>\n\t\t\t\t\n<style>\n#col-203244344 > .col-inner {\n  padding: 0 0px 0px 0px;\n}\n@media (min-width:550px) {\n  #col-203244344 > .col-inner {\n    padding: 35px 35px 35px 35px;\n  }\n}\n<\/style>\n\t<\/div>\n\n\t\n\n\t<div id=\"col-1098617462\" class=\"col medium-6 small-6 large-6\"  data-animate=\"fadeInUp\">\n\t\t\t\t<div class=\"col-inner\"  >\n\t\t\t\n\t\t\t\n\n  \n    <div class=\"row large-columns-1 medium-columns-1 small-columns-1\" >\n  <\/div>\n\t\t<\/div>\n\t\t\t\t\n<style>\n#col-1098617462 > .col-inner {\n  padding: 0 0px 0px 0px;\n}\n@media (min-width:550px) {\n  #col-1098617462 > .col-inner {\n    padding: 35px 35px 35px 35px;\n  }\n}\n<\/style>\n\t<\/div>\n\n\t\n<\/div>\n<div class=\"row\"  id=\"row-1020973200\">\n\n\t<div id=\"col-2040233595\" class=\"col small-12 large-12\"  >\n\t\t\t\t<div class=\"col-inner\"  >\n\t\t\t\n\t\t\t\n\n  \n    <div class=\"row large-columns-3 medium-columns-1 small-columns-1 row-large has-shadow row-box-shadow-5-hover slider row-slider slider-nav-circle slider-nav-outside slider-nav-push\"  data-flickity-options='{\"imagesLoaded\": true, \"groupCells\": \"100%\", \"dragThreshold\" : 5, \"cellAlign\": \"left\",\"wrapAround\": true,\"prevNextButtons\": true,\"percentPosition\": true,\"pageDots\": false, \"rightToLeft\": false, \"autoPlay\" : false}' >\n\n  <div class=\"col post-item\" data-animate=\"fadeInLeft\">\n\t\t\t<div class=\"col-inner\">\n\t\t\t\t<div class=\"box box-normal box-text-bottom box-blog-post has-hover\">\n            \t\t\t\t\t<div class=\"box-image\" >\n  \t\t\t\t\t\t<div class=\"image-cover\" style=\"padding-top:56.25%;\">\n\t\t\t\t\t\t\t<a href=\"https:\/\/atfivegin.com\/en\/negroni\/\" class=\"plain\" aria-label=\"NEGRONI\">\n\t\t\t\t\t\t\t\t<img loading=\"lazy\" decoding=\"async\" width=\"300\" height=\"141\" src=\"https:\/\/atfivegin.com\/wp-content\/uploads\/2023\/03\/NEGRONI_Easy-Resize.com_-300x141.jpg\" class=\"attachment-medium size-medium wp-post-image\" alt=\"Gin Nacional |\" srcset=\"https:\/\/atfivegin.com\/wp-content\/uploads\/2023\/03\/NEGRONI_Easy-Resize.com_-300x141.jpg 300w, https:\/\/atfivegin.com\/wp-content\/uploads\/2023\/03\/NEGRONI_Easy-Resize.com_-1000x469.jpg 1000w, https:\/\/atfivegin.com\/wp-content\/uploads\/2023\/03\/NEGRONI_Easy-Resize.com_-1024x480.jpg 1024w, https:\/\/atfivegin.com\/wp-content\/uploads\/2023\/03\/NEGRONI_Easy-Resize.com_-768x360.jpg 768w, https:\/\/atfivegin.com\/wp-content\/uploads\/2023\/03\/NEGRONI_Easy-Resize.com_.jpg 1280w\" sizes=\"auto, (max-width: 300px) 100vw, 300px\" title=\"Gin Nacional |\">\t\t\t\t\t\t\t<\/a>\n  \t\t\t\t\t\t\t  \t\t\t\t\t\t\t  \t\t\t\t\t\t<\/div>\n  \t\t\t\t\t\t  \t\t\t\t\t<\/div>\n          \t\t\t\t\t<div class=\"box-text text-center\" >\n\t\t\t\t\t<div class=\"box-text-inner blog-post-inner\">\n\n\t\t\t\t\t\n\t\t\t\t\t\t\t\t\t\t<h5 class=\"post-title is-large \">\n\t\t\t\t\t\t<a href=\"https:\/\/atfivegin.com\/en\/negroni\/\" class=\"plain\">NEGRONI<\/a>\n\t\t\t\t\t<\/h5>\n\t\t\t\t\t\t\t\t\t\t<div class=\"is-divider\"><\/div>\n\t\t\t\t\t\t\t\t\t\t<p class=\"from_the_blog_excerpt \">\n\t\t\t\t\t\tSe voc\u00ea \u00e9 daqueles que gosta de um coquetel forte e marcante, ent\u00e3o o Negroni [...]\t\t\t\t\t<\/p>\n\t\t\t\t\t                    \n\t\t\t\t\t\n\t\t\t\t\t\n\t\t\t\t\t<\/div>\n\t\t\t\t\t<\/div>\n\t\t\t\t\t\t\t\t\t\t\t\t\t\t\t\t<div class=\"badge absolute top post-date badge-outline\">\n\t\t\t\t\t\t\t<div class=\"badge-inner\">\n\t\t\t\t\t\t\t\t<span class=\"post-date-day\">29<\/span><br>\n\t\t\t\t\t\t\t\t<span class=\"post-date-month is-xsmall\">Mar<\/span>\n\t\t\t\t\t\t\t<\/div>\n\t\t\t\t\t\t<\/div>\n\t\t\t\t\t\t\t\t\t<\/div>\n\t\t\t<\/div>\n\t\t<\/div><div class=\"col post-item\" data-animate=\"fadeInLeft\">\n\t\t\t<div class=\"col-inner\">\n\t\t\t\t<div class=\"box box-normal box-text-bottom box-blog-post has-hover\">\n            \t\t\t\t\t<div class=\"box-image\" >\n  \t\t\t\t\t\t<div class=\"image-cover\" style=\"padding-top:56.25%;\">\n\t\t\t\t\t\t\t<a href=\"https:\/\/atfivegin.com\/en\/gin-tonica\/\" class=\"plain\" aria-label=\"GIN T\u00d4NICA\">\n\t\t\t\t\t\t\t\t<img loading=\"lazy\" decoding=\"async\" width=\"300\" height=\"141\" src=\"https:\/\/atfivegin.com\/wp-content\/uploads\/2023\/03\/GIN-TONICA_Easy-Resize.com_-300x141.jpg\" class=\"attachment-medium size-medium wp-post-image\" alt=\"Gin Nacional |\" srcset=\"https:\/\/atfivegin.com\/wp-content\/uploads\/2023\/03\/GIN-TONICA_Easy-Resize.com_-300x141.jpg 300w, https:\/\/atfivegin.com\/wp-content\/uploads\/2023\/03\/GIN-TONICA_Easy-Resize.com_-1000x469.jpg 1000w, https:\/\/atfivegin.com\/wp-content\/uploads\/2023\/03\/GIN-TONICA_Easy-Resize.com_-1024x480.jpg 1024w, https:\/\/atfivegin.com\/wp-content\/uploads\/2023\/03\/GIN-TONICA_Easy-Resize.com_-768x360.jpg 768w, https:\/\/atfivegin.com\/wp-content\/uploads\/2023\/03\/GIN-TONICA_Easy-Resize.com_.jpg 1280w\" sizes=\"auto, (max-width: 300px) 100vw, 300px\" title=\"Gin Nacional |\">\t\t\t\t\t\t\t<\/a>\n  \t\t\t\t\t\t\t  \t\t\t\t\t\t\t  \t\t\t\t\t\t<\/div>\n  \t\t\t\t\t\t  \t\t\t\t\t<\/div>\n          \t\t\t\t\t<div class=\"box-text text-center\" >\n\t\t\t\t\t<div class=\"box-text-inner blog-post-inner\">\n\n\t\t\t\t\t\n\t\t\t\t\t\t\t\t\t\t<h5 class=\"post-title is-large \">\n\t\t\t\t\t\t<a href=\"https:\/\/atfivegin.com\/en\/gin-tonica\/\" class=\"plain\">GIN T\u00d4NICA<\/a>\n\t\t\t\t\t<\/h5>\n\t\t\t\t\t\t\t\t\t\t<div class=\"is-divider\"><\/div>\n\t\t\t\t\t\t\t\t\t\t<p class=\"from_the_blog_excerpt \">\n\t\t\t\t\t\tAh, voc\u00ea quer uma receita de Gin T\u00f4nica? Que bom, porque eu tenho uma que [...]\t\t\t\t\t<\/p>\n\t\t\t\t\t                    \n\t\t\t\t\t\n\t\t\t\t\t\n\t\t\t\t\t<\/div>\n\t\t\t\t\t<\/div>\n\t\t\t\t\t\t\t\t\t\t\t\t\t\t\t\t<div class=\"badge absolute top post-date badge-outline\">\n\t\t\t\t\t\t\t<div class=\"badge-inner\">\n\t\t\t\t\t\t\t\t<span class=\"post-date-day\">29<\/span><br>\n\t\t\t\t\t\t\t\t<span class=\"post-date-month is-xsmall\">Mar<\/span>\n\t\t\t\t\t\t\t<\/div>\n\t\t\t\t\t\t<\/div>\n\t\t\t\t\t\t\t\t\t<\/div>\n\t\t\t<\/div>\n\t\t<\/div><div class=\"col post-item\" data-animate=\"fadeInLeft\">\n\t\t\t<div class=\"col-inner\">\n\t\t\t\t<div class=\"box box-normal box-text-bottom box-blog-post has-hover\">\n            \t\t\t\t\t<div class=\"box-image\" >\n  \t\t\t\t\t\t<div class=\"image-cover\" style=\"padding-top:56.25%;\">\n\t\t\t\t\t\t\t<a href=\"https:\/\/atfivegin.com\/en\/dry-martini\/\" class=\"plain\" aria-label=\"DRY MARTINI\">\n\t\t\t\t\t\t\t\t<img loading=\"lazy\" decoding=\"async\" width=\"300\" height=\"141\" src=\"https:\/\/atfivegin.com\/wp-content\/uploads\/2023\/03\/DRY-MARTINI_Easy-Resize.com_-300x141.jpg\" class=\"attachment-medium size-medium wp-post-image\" alt=\"Gin Nacional |\" srcset=\"https:\/\/atfivegin.com\/wp-content\/uploads\/2023\/03\/DRY-MARTINI_Easy-Resize.com_-300x141.jpg 300w, https:\/\/atfivegin.com\/wp-content\/uploads\/2023\/03\/DRY-MARTINI_Easy-Resize.com_-1000x469.jpg 1000w, https:\/\/atfivegin.com\/wp-content\/uploads\/2023\/03\/DRY-MARTINI_Easy-Resize.com_-1024x480.jpg 1024w, https:\/\/atfivegin.com\/wp-content\/uploads\/2023\/03\/DRY-MARTINI_Easy-Resize.com_-768x360.jpg 768w, https:\/\/atfivegin.com\/wp-content\/uploads\/2023\/03\/DRY-MARTINI_Easy-Resize.com_.jpg 1280w\" sizes=\"auto, (max-width: 300px) 100vw, 300px\" title=\"Gin Nacional |\">\t\t\t\t\t\t\t<\/a>\n  \t\t\t\t\t\t\t  \t\t\t\t\t\t\t  \t\t\t\t\t\t<\/div>\n  \t\t\t\t\t\t  \t\t\t\t\t<\/div>\n          \t\t\t\t\t<div class=\"box-text text-center\" >\n\t\t\t\t\t<div class=\"box-text-inner blog-post-inner\">\n\n\t\t\t\t\t\n\t\t\t\t\t\t\t\t\t\t<h5 class=\"post-title is-large \">\n\t\t\t\t\t\t<a href=\"https:\/\/atfivegin.com\/en\/dry-martini\/\" class=\"plain\">DRY MARTINI<\/a>\n\t\t\t\t\t<\/h5>\n\t\t\t\t\t\t\t\t\t\t<div class=\"is-divider\"><\/div>\n\t\t\t\t\t\t\t\t\t\t<p class=\"from_the_blog_excerpt \">\n\t\t\t\t\t\tSe voc\u00ea \u00e9 f\u00e3 de coquet\u00e9is cl\u00e1ssicos, ent\u00e3o o Dry Martini com gin AT FIVE [...]\t\t\t\t\t<\/p>\n\t\t\t\t\t                    \n\t\t\t\t\t\n\t\t\t\t\t\n\t\t\t\t\t<\/div>\n\t\t\t\t\t<\/div>\n\t\t\t\t\t\t\t\t\t\t\t\t\t\t\t\t<div class=\"badge absolute top post-date badge-outline\">\n\t\t\t\t\t\t\t<div class=\"badge-inner\">\n\t\t\t\t\t\t\t\t<span class=\"post-date-day\">29<\/span><br>\n\t\t\t\t\t\t\t\t<span class=\"post-date-month is-xsmall\">Mar<\/span>\n\t\t\t\t\t\t\t<\/div>\n\t\t\t\t\t\t<\/div>\n\t\t\t\t\t\t\t\t\t<\/div>\n\t\t\t<\/div>\n\t\t<\/div><div class=\"col post-item\" data-animate=\"fadeInLeft\">\n\t\t\t<div class=\"col-inner\">\n\t\t\t\t<div class=\"box box-normal box-text-bottom box-blog-post has-hover\">\n            \t\t\t\t\t<div class=\"box-image\" >\n  \t\t\t\t\t\t<div class=\"image-cover\" style=\"padding-top:56.25%;\">\n\t\t\t\t\t\t\t<a href=\"https:\/\/atfivegin.com\/en\/red-snapper-2\/\" class=\"plain\" aria-label=\"RED SNAPPER\">\n\t\t\t\t\t\t\t\t<img loading=\"lazy\" decoding=\"async\" width=\"300\" height=\"141\" src=\"https:\/\/atfivegin.com\/wp-content\/uploads\/2023\/03\/RED-SNAPPER_Easy-Resize.com_-300x141.jpg\" class=\"attachment-medium size-medium wp-post-image\" alt=\"Gin Nacional |\" srcset=\"https:\/\/atfivegin.com\/wp-content\/uploads\/2023\/03\/RED-SNAPPER_Easy-Resize.com_-300x141.jpg 300w, https:\/\/atfivegin.com\/wp-content\/uploads\/2023\/03\/RED-SNAPPER_Easy-Resize.com_-1000x469.jpg 1000w, https:\/\/atfivegin.com\/wp-content\/uploads\/2023\/03\/RED-SNAPPER_Easy-Resize.com_-1024x480.jpg 1024w, https:\/\/atfivegin.com\/wp-content\/uploads\/2023\/03\/RED-SNAPPER_Easy-Resize.com_-768x360.jpg 768w, https:\/\/atfivegin.com\/wp-content\/uploads\/2023\/03\/RED-SNAPPER_Easy-Resize.com_.jpg 1280w\" sizes=\"auto, (max-width: 300px) 100vw, 300px\" title=\"Gin Nacional |\">\t\t\t\t\t\t\t<\/a>\n  \t\t\t\t\t\t\t  \t\t\t\t\t\t\t  \t\t\t\t\t\t<\/div>\n  \t\t\t\t\t\t  \t\t\t\t\t<\/div>\n          \t\t\t\t\t<div class=\"box-text text-center\" >\n\t\t\t\t\t<div class=\"box-text-inner blog-post-inner\">\n\n\t\t\t\t\t\n\t\t\t\t\t\t\t\t\t\t<h5 class=\"post-title is-large \">\n\t\t\t\t\t\t<a href=\"https:\/\/atfivegin.com\/en\/red-snapper-2\/\" class=\"plain\">RED SNAPPER<\/a>\n\t\t\t\t\t<\/h5>\n\t\t\t\t\t\t\t\t\t\t<div class=\"is-divider\"><\/div>\n\t\t\t\t\t\t\t\t\t\t<p class=\"from_the_blog_excerpt \">\n\t\t\t\t\t\tSabe aquele amigo que sempre pede um Bloody Mary no bar e voc\u00ea fica pensando [...]\t\t\t\t\t<\/p>\n\t\t\t\t\t                    \n\t\t\t\t\t\n\t\t\t\t\t\n\t\t\t\t\t<\/div>\n\t\t\t\t\t<\/div>\n\t\t\t\t\t\t\t\t\t\t\t\t\t\t\t\t<div class=\"badge absolute top post-date badge-outline\">\n\t\t\t\t\t\t\t<div class=\"badge-inner\">\n\t\t\t\t\t\t\t\t<span class=\"post-date-day\">29<\/span><br>\n\t\t\t\t\t\t\t\t<span class=\"post-date-month is-xsmall\">Mar<\/span>\n\t\t\t\t\t\t\t<\/div>\n\t\t\t\t\t\t<\/div>\n\t\t\t\t\t\t\t\t\t<\/div>\n\t\t\t<\/div>\n\t\t<\/div><div class=\"col post-item\" data-animate=\"fadeInLeft\">\n\t\t\t<div class=\"col-inner\">\n\t\t\t\t<div class=\"box box-normal box-text-bottom box-blog-post has-hover\">\n            \t\t\t\t\t<div class=\"box-image\" >\n  \t\t\t\t\t\t<div class=\"image-cover\" style=\"padding-top:56.25%;\">\n\t\t\t\t\t\t\t<a href=\"https:\/\/atfivegin.com\/en\/at-five-swizzle\/\" class=\"plain\" aria-label=\"AT FIVE SWIZZLE\">\n\t\t\t\t\t\t\t\t<img loading=\"lazy\" decoding=\"async\" width=\"300\" height=\"141\" src=\"https:\/\/atfivegin.com\/wp-content\/uploads\/2023\/03\/SWIZLE_Easy-Resize.com_-300x141.jpg\" class=\"attachment-medium size-medium wp-post-image\" alt=\"Gin Nacional |\" srcset=\"https:\/\/atfivegin.com\/wp-content\/uploads\/2023\/03\/SWIZLE_Easy-Resize.com_-300x141.jpg 300w, https:\/\/atfivegin.com\/wp-content\/uploads\/2023\/03\/SWIZLE_Easy-Resize.com_-1000x469.jpg 1000w, https:\/\/atfivegin.com\/wp-content\/uploads\/2023\/03\/SWIZLE_Easy-Resize.com_-1024x480.jpg 1024w, https:\/\/atfivegin.com\/wp-content\/uploads\/2023\/03\/SWIZLE_Easy-Resize.com_-768x360.jpg 768w, https:\/\/atfivegin.com\/wp-content\/uploads\/2023\/03\/SWIZLE_Easy-Resize.com_.jpg 1280w\" sizes=\"auto, (max-width: 300px) 100vw, 300px\" title=\"Gin Nacional |\">\t\t\t\t\t\t\t<\/a>\n  \t\t\t\t\t\t\t  \t\t\t\t\t\t\t  \t\t\t\t\t\t<\/div>\n  \t\t\t\t\t\t  \t\t\t\t\t<\/div>\n          \t\t\t\t\t<div class=\"box-text text-center\" >\n\t\t\t\t\t<div class=\"box-text-inner blog-post-inner\">\n\n\t\t\t\t\t\n\t\t\t\t\t\t\t\t\t\t<h5 class=\"post-title is-large \">\n\t\t\t\t\t\t<a href=\"https:\/\/atfivegin.com\/en\/at-five-swizzle\/\" class=\"plain\">AT FIVE SWIZZLE<\/a>\n\t\t\t\t\t<\/h5>\n\t\t\t\t\t\t\t\t\t\t<div class=\"is-divider\"><\/div>\n\t\t\t\t\t\t\t\t\t\t<p class=\"from_the_blog_excerpt \">\n\t\t\t\t\t\tBem-vindo(a) ao maravilhoso mundo dos coquet\u00e9is! Hoje, vamos apresentar uma releitura deliciosa do cl\u00e1ssico Swizzle, [...]\t\t\t\t\t<\/p>\n\t\t\t\t\t                    \n\t\t\t\t\t\n\t\t\t\t\t\n\t\t\t\t\t<\/div>\n\t\t\t\t\t<\/div>\n\t\t\t\t\t\t\t\t\t\t\t\t\t\t\t\t<div class=\"badge absolute top post-date badge-outline\">\n\t\t\t\t\t\t\t<div class=\"badge-inner\">\n\t\t\t\t\t\t\t\t<span class=\"post-date-day\">29<\/span><br>\n\t\t\t\t\t\t\t\t<span class=\"post-date-month is-xsmall\">Mar<\/span>\n\t\t\t\t\t\t\t<\/div>\n\t\t\t\t\t\t<\/div>\n\t\t\t\t\t\t\t\t\t<\/div>\n\t\t\t<\/div>\n\t\t<\/div><div class=\"col post-item\" data-animate=\"fadeInLeft\">\n\t\t\t<div class=\"col-inner\">\n\t\t\t\t<div class=\"box box-normal box-text-bottom box-blog-post has-hover\">\n            \t\t\t\t\t<div class=\"box-image\" >\n  \t\t\t\t\t\t<div class=\"image-cover\" style=\"padding-top:56.25%;\">\n\t\t\t\t\t\t\t<a href=\"https:\/\/atfivegin.com\/en\/original-champagne-cosmo\/\" class=\"plain\" aria-label=\"ORIGINAL CHAMPAGNE COSMO\">\n\t\t\t\t\t\t\t\t<img loading=\"lazy\" decoding=\"async\" width=\"300\" height=\"141\" src=\"https:\/\/atfivegin.com\/wp-content\/uploads\/2023\/03\/CHAMPAGNE-COSMO_Easy-Resize.com_-300x141.jpg\" class=\"attachment-medium size-medium wp-post-image\" alt=\"Gin Nacional |\" srcset=\"https:\/\/atfivegin.com\/wp-content\/uploads\/2023\/03\/CHAMPAGNE-COSMO_Easy-Resize.com_-300x141.jpg 300w, https:\/\/atfivegin.com\/wp-content\/uploads\/2023\/03\/CHAMPAGNE-COSMO_Easy-Resize.com_-1000x469.jpg 1000w, https:\/\/atfivegin.com\/wp-content\/uploads\/2023\/03\/CHAMPAGNE-COSMO_Easy-Resize.com_-1024x480.jpg 1024w, https:\/\/atfivegin.com\/wp-content\/uploads\/2023\/03\/CHAMPAGNE-COSMO_Easy-Resize.com_-768x360.jpg 768w, https:\/\/atfivegin.com\/wp-content\/uploads\/2023\/03\/CHAMPAGNE-COSMO_Easy-Resize.com_.jpg 1280w\" sizes=\"auto, (max-width: 300px) 100vw, 300px\" title=\"Gin Nacional |\">\t\t\t\t\t\t\t<\/a>\n  \t\t\t\t\t\t\t  \t\t\t\t\t\t\t  \t\t\t\t\t\t<\/div>\n  \t\t\t\t\t\t  \t\t\t\t\t<\/div>\n          \t\t\t\t\t<div class=\"box-text text-center\" >\n\t\t\t\t\t<div class=\"box-text-inner blog-post-inner\">\n\n\t\t\t\t\t\n\t\t\t\t\t\t\t\t\t\t<h5 class=\"post-title is-large \">\n\t\t\t\t\t\t<a href=\"https:\/\/atfivegin.com\/en\/original-champagne-cosmo\/\" class=\"plain\">ORIGINAL CHAMPAGNE COSMO<\/a>\n\t\t\t\t\t<\/h5>\n\t\t\t\t\t\t\t\t\t\t<div class=\"is-divider\"><\/div>\n\t\t\t\t\t\t\t\t\t\t<p class=\"from_the_blog_excerpt \">\n\t\t\t\t\t\tQueridos amantes do gin, hoje trago uma receita sofisticada e deliciosa que vai dar um [...]\t\t\t\t\t<\/p>\n\t\t\t\t\t                    \n\t\t\t\t\t\n\t\t\t\t\t\n\t\t\t\t\t<\/div>\n\t\t\t\t\t<\/div>\n\t\t\t\t\t\t\t\t\t\t\t\t\t\t\t\t<div class=\"badge absolute top post-date badge-outline\">\n\t\t\t\t\t\t\t<div class=\"badge-inner\">\n\t\t\t\t\t\t\t\t<span class=\"post-date-day\">29<\/span><br>\n\t\t\t\t\t\t\t\t<span class=\"post-date-month is-xsmall\">Mar<\/span>\n\t\t\t\t\t\t\t<\/div>\n\t\t\t\t\t\t<\/div>\n\t\t\t\t\t\t\t\t\t<\/div>\n\t\t\t<\/div>\n\t\t<\/div><div class=\"col post-item\" data-animate=\"fadeInLeft\">\n\t\t\t<div class=\"col-inner\">\n\t\t\t\t<div class=\"box box-normal box-text-bottom box-blog-post has-hover\">\n            \t\t\t\t\t<div class=\"box-image\" >\n  \t\t\t\t\t\t<div class=\"image-cover\" style=\"padding-top:56.25%;\">\n\t\t\t\t\t\t\t<a href=\"https:\/\/atfivegin.com\/en\/white-lady\/\" class=\"plain\" aria-label=\"WHITE LADY\">\n\t\t\t\t\t\t\t\t<img loading=\"lazy\" decoding=\"async\" width=\"300\" height=\"141\" src=\"https:\/\/atfivegin.com\/wp-content\/uploads\/2023\/03\/WHITE-LADY_Easy-Resize.com_-300x141.jpg\" class=\"attachment-medium size-medium wp-post-image\" alt=\"Gin Nacional |\" srcset=\"https:\/\/atfivegin.com\/wp-content\/uploads\/2023\/03\/WHITE-LADY_Easy-Resize.com_-300x141.jpg 300w, https:\/\/atfivegin.com\/wp-content\/uploads\/2023\/03\/WHITE-LADY_Easy-Resize.com_-1000x469.jpg 1000w, https:\/\/atfivegin.com\/wp-content\/uploads\/2023\/03\/WHITE-LADY_Easy-Resize.com_-1024x480.jpg 1024w, https:\/\/atfivegin.com\/wp-content\/uploads\/2023\/03\/WHITE-LADY_Easy-Resize.com_-768x360.jpg 768w, https:\/\/atfivegin.com\/wp-content\/uploads\/2023\/03\/WHITE-LADY_Easy-Resize.com_.jpg 1280w\" sizes=\"auto, (max-width: 300px) 100vw, 300px\" title=\"Gin Nacional |\">\t\t\t\t\t\t\t<\/a>\n  \t\t\t\t\t\t\t  \t\t\t\t\t\t\t  \t\t\t\t\t\t<\/div>\n  \t\t\t\t\t\t  \t\t\t\t\t<\/div>\n          \t\t\t\t\t<div class=\"box-text text-center\" >\n\t\t\t\t\t<div class=\"box-text-inner blog-post-inner\">\n\n\t\t\t\t\t\n\t\t\t\t\t\t\t\t\t\t<h5 class=\"post-title is-large \">\n\t\t\t\t\t\t<a href=\"https:\/\/atfivegin.com\/en\/white-lady\/\" class=\"plain\">WHITE LADY<\/a>\n\t\t\t\t\t<\/h5>\n\t\t\t\t\t\t\t\t\t\t<div class=\"is-divider\"><\/div>\n\t\t\t\t\t\t\t\t\t\t<p class=\"from_the_blog_excerpt \">\n\t\t\t\t\t\tBem-vindo(a) ao universo AT FIVE, onde o gin \u00e9 rei e a divers\u00e3o nunca acaba! [...]\t\t\t\t\t<\/p>\n\t\t\t\t\t                    \n\t\t\t\t\t\n\t\t\t\t\t\n\t\t\t\t\t<\/div>\n\t\t\t\t\t<\/div>\n\t\t\t\t\t\t\t\t\t\t\t\t\t\t\t\t<div class=\"badge absolute top post-date badge-outline\">\n\t\t\t\t\t\t\t<div class=\"badge-inner\">\n\t\t\t\t\t\t\t\t<span class=\"post-date-day\">29<\/span><br>\n\t\t\t\t\t\t\t\t<span class=\"post-date-month is-xsmall\">Mar<\/span>\n\t\t\t\t\t\t\t<\/div>\n\t\t\t\t\t\t<\/div>\n\t\t\t\t\t\t\t\t\t<\/div>\n\t\t\t<\/div>\n\t\t<\/div><div class=\"col post-item\" data-animate=\"fadeInLeft\">\n\t\t\t<div class=\"col-inner\">\n\t\t\t\t<div class=\"box box-normal box-text-bottom box-blog-post has-hover\">\n            \t\t\t\t\t<div class=\"box-image\" >\n  \t\t\t\t\t\t<div class=\"image-cover\" style=\"padding-top:56.25%;\">\n\t\t\t\t\t\t\t<a href=\"https:\/\/atfivegin.com\/en\/gimlet\/\" class=\"plain\" aria-label=\"GIMLET\">\n\t\t\t\t\t\t\t\t<img loading=\"lazy\" decoding=\"async\" width=\"300\" height=\"141\" src=\"https:\/\/atfivegin.com\/wp-content\/uploads\/2023\/03\/GIMLET_Easy-Resize.com_-300x141.jpg\" class=\"attachment-medium size-medium wp-post-image\" alt=\"Gin Nacional |\" srcset=\"https:\/\/atfivegin.com\/wp-content\/uploads\/2023\/03\/GIMLET_Easy-Resize.com_-300x141.jpg 300w, https:\/\/atfivegin.com\/wp-content\/uploads\/2023\/03\/GIMLET_Easy-Resize.com_-1000x469.jpg 1000w, https:\/\/atfivegin.com\/wp-content\/uploads\/2023\/03\/GIMLET_Easy-Resize.com_-1024x480.jpg 1024w, https:\/\/atfivegin.com\/wp-content\/uploads\/2023\/03\/GIMLET_Easy-Resize.com_-768x360.jpg 768w, https:\/\/atfivegin.com\/wp-content\/uploads\/2023\/03\/GIMLET_Easy-Resize.com_.jpg 1280w\" sizes=\"auto, (max-width: 300px) 100vw, 300px\" title=\"Gin Nacional |\">\t\t\t\t\t\t\t<\/a>\n  \t\t\t\t\t\t\t  \t\t\t\t\t\t\t  \t\t\t\t\t\t<\/div>\n  \t\t\t\t\t\t  \t\t\t\t\t<\/div>\n          \t\t\t\t\t<div class=\"box-text text-center\" >\n\t\t\t\t\t<div class=\"box-text-inner blog-post-inner\">\n\n\t\t\t\t\t\n\t\t\t\t\t\t\t\t\t\t<h5 class=\"post-title is-large \">\n\t\t\t\t\t\t<a href=\"https:\/\/atfivegin.com\/en\/gimlet\/\" class=\"plain\">GIMLET<\/a>\n\t\t\t\t\t<\/h5>\n\t\t\t\t\t\t\t\t\t\t<div class=\"is-divider\"><\/div>\n\t\t\t\t\t\t\t\t\t\t<p class=\"from_the_blog_excerpt \">\n\t\t\t\t\t\tAh, o Gimlet. O coquetel cl\u00e1ssico que \u00e9 simples e elegante, como a nossa marca [...]\t\t\t\t\t<\/p>\n\t\t\t\t\t                    \n\t\t\t\t\t\n\t\t\t\t\t\n\t\t\t\t\t<\/div>\n\t\t\t\t\t<\/div>\n\t\t\t\t\t\t\t\t\t\t\t\t\t\t\t\t<div class=\"badge absolute top post-date badge-outline\">\n\t\t\t\t\t\t\t<div class=\"badge-inner\">\n\t\t\t\t\t\t\t\t<span class=\"post-date-day\">29<\/span><br>\n\t\t\t\t\t\t\t\t<span class=\"post-date-month is-xsmall\">Mar<\/span>\n\t\t\t\t\t\t\t<\/div>\n\t\t\t\t\t\t<\/div>\n\t\t\t\t\t\t\t\t\t<\/div>\n\t\t\t<\/div>\n\t\t<\/div><\/div>\n\t\t<\/div>\n\t\t\t\t\t<\/div>\n\n\t\n<\/div>\n\t\t<\/div>\n\n\t\t\n<style>\n#section_938057849 {\n  padding-top: 30px;\n  padding-bottom: 30px;\n}\n<\/style>\n\t<\/section>\n\t\n","protected":false},"excerpt":{"rendered":"","protected":false},"author":4,"featured_media":0,"parent":0,"menu_order":0,"comment_status":"closed","ping_status":"closed","template":"page-blank.php","meta":{"inline_featured_image":false,"footnotes":""},"class_list":["post-1066","page","type-page","status-publish","hentry"],"_links":{"self":[{"href":"https:\/\/atfivegin.com\/en\/wp-json\/wp\/v2\/pages\/1066","targetHints":{"allow":["GET"]}}],"collection":[{"href":"https:\/\/atfivegin.com\/en\/wp-json\/wp\/v2\/pages"}],"about":[{"href":"https:\/\/atfivegin.com\/en\/wp-json\/wp\/v2\/types\/page"}],"author":[{"embeddable":true,"href":"https:\/\/atfivegin.com\/en\/wp-json\/wp\/v2\/users\/4"}],"replies":[{"embeddable":true,"href":"https:\/\/atfivegin.com\/en\/wp-json\/wp\/v2\/comments?post=1066"}],"version-history":[{"count":0,"href":"https:\/\/atfivegin.com\/en\/wp-json\/wp\/v2\/pages\/1066\/revisions"}],"wp:attachment":[{"href":"https:\/\/atfivegin.com\/en\/wp-json\/wp\/v2\/media?parent=1066"}],"curies":[{"name":"wp","href":"https:\/\/api.w.org\/{rel}","templated":true}]}}