{"id":1159,"date":"2023-02-16T16:13:09","date_gmt":"2023-02-16T19:13:09","guid":{"rendered":"https:\/\/atfivegin.woorocket.com.br\/?page_id=1159"},"modified":"2023-02-16T16:13:54","modified_gmt":"2023-02-16T19:13:54","slug":"termos-e-condicoes","status":"publish","type":"page","link":"https:\/\/atfivegin.com\/en\/termos-e-condicoes\/","title":{"rendered":"TERMOS E CONDI\u00c7\u00d5ES"},"content":{"rendered":"<section class=\"section dark has-parallax\" id=\"section_89233421\">\n\t\t<div class=\"bg section-bg fill bg-fill\" data-parallax-container=\".section\" data-parallax-background data-parallax=\"-4\">\n\n\t\t\t\n\t\t\t<div class=\"section-bg-overlay absolute fill\"><\/div>\n\t\t\t\n\n\t\t<\/div>\n\n\t\t\n\n\t\t<div class=\"section-content relative\">\n\t\t\t\n<div class=\"row\"  id=\"row-31024014\">\n\n\t<div id=\"col-1118217206\" class=\"col small-12 large-12\"  >\n\t\t\t\t<div class=\"col-inner\"  >\n\t\t\t\n\t\t\t\n<h2>TERMOS E CONDI\u00c7\u00d5ES<\/h2>\n\t\t<\/div>\n\t\t\t\t\t<\/div>\n\n\t\n<\/div>\n\t\t<\/div>\n\n\t\t\n<style>\n#section_89233421 {\n  padding-top: 30px;\n  padding-bottom: 30px;\n  min-height: 300px;\n}\n#section_89233421 .section-bg-overlay {\n  background-color: rgba(0,0,0,.5);\n}\n#section_89233421 .section-bg.bg-loaded {\n  background-image: url(https:\/\/atfivegin.com\/wp-content\/uploads\/2023\/02\/iStock-1084699372.jpg);\n}\n<\/style>\n\t<\/section>\n\t\n\t<section class=\"section\" id=\"section_617945458\">\n\t\t<div class=\"bg section-bg fill bg-fill  bg-loaded\" >\n\n\t\t\t\n\t\t\t\n\t\t\t\n\n\t\t<\/div>\n\n\t\t\n\n\t\t<div class=\"section-content relative\">\n\t\t\t\n<div class=\"row align-middle\"  id=\"row-1578595705\">\n\n\t<div id=\"col-111202080\" class=\"col medium-7 small-12 large-7\"  >\n\t\t\t\t<div class=\"col-inner\"  >\n\t\t\t\n\t\t\t\n<p>Qualquer uso que voc\u00ea fizer deste site ( https:\/\/www.atfivegin.com ) estar\u00e1 condicionado \u00e0 sua aceita\u00e7\u00e3o das Condi\u00e7\u00f5es de Uso do Site.<\/p>\n<p>Reservamo-nos o direito de alterar periodicamente as condi\u00e7\u00f5es de uso, sem aviso pr\u00e9vio e a nosso crit\u00e9rio exclusivo. \u00c9 de sua responsabilidade rever periodicamente esta p\u00e1gina a fim de verificar se h\u00e1 atualiza\u00e7\u00f5es, que entrar\u00e3o em vigor no momento da sua publica\u00e7\u00e3o.<\/p>\n<p>O uso continuado do site por parte do usu\u00e1rio constitui aceita\u00e7\u00e3o de tais condi\u00e7\u00f5es de uso. Reservamo-nos o direito de alterar, modificar, suspender ou interromper qualquer parte, caracter\u00edsticas, ou conte\u00fado do site a qualquer momento. Tamb\u00e9m poderemos impor limites a certos recursos ou restringir o seu acesso a parte ou a todo o Site sem aviso pr\u00e9vio ou responsabilidade.<\/p>\n<p>O Site \u00e9 operado por uma integrante do grupo AT FIVE LONDON DRY GIN, com endere\u00e7o registrado em S\u00e3o Paulo, Rua Caja\u00edba, 987, bairro Pomp\u00e9ia.<\/p>\n<p>Voc\u00ea apenas poder\u00e1 usar nossa loja se tiver a idade legal para comprar bebidas alco\u00f3licas no seu pa\u00eds de resid\u00eancia e no pa\u00eds a partir do qual estiver acessando o site. Se n\u00e3o se enquadrar nesta categoria, voc\u00ea poder\u00e1 estar infringindo leis ou normas aplic\u00e1veis no seu pa\u00eds de resid\u00eancia ou de acesso e dever\u00e1 sair do site imediatamente.<\/p>\n<p>Voc\u00ea poder\u00e1 restringir o acesso a este site usando software de filtragem de conte\u00fado ou alterando as configura\u00e7\u00f5es do computador (navegador ou sistema operacional), conforme o caso.<\/p>\n<p>Nosso Servi\u00e7o de Atendimento ao Cliente funciona de segunda a sexta, das 08h \u00e0s 20h (hor\u00e1rio de Bras\u00edlia), exceto em feriados nacionais. Telefone: (11) 3862 1523 ou e-mail contato@atfivegin.com.<\/p>\n\t\t<\/div>\n\t\t\t\t\t<\/div>\n\n\t\n\n\t<div id=\"col-968534267\" class=\"col medium-5 small-12 large-5\"  >\n\t\t\t\t<div class=\"col-inner\"  >\n\t\t\t\n\t\t\t\n<div class=\"slider-wrapper relative\" id=\"slider-1463790987\" >\n    <div class=\"slider slider-nav-dots-simple slider-nav-circle slider-nav-large slider-nav-light slider-style-focus\"\n        data-flickity-options='{            \"cellAlign\": \"center\",            \"imagesLoaded\": true,            \"lazyLoad\": 1,            \"freeScroll\": false,            \"wrapAround\": true,            \"autoPlay\": 9000,            \"pauseAutoPlayOnHover\" : true,            \"prevNextButtons\": false,            \"contain\" : true,            \"adaptiveHeight\" : true,            \"dragThreshold\" : 10,            \"percentPosition\": true,            \"pageDots\": true,            \"rightToLeft\": false,            \"draggable\": true,            \"selectedAttraction\": 0.1,            \"parallax\" : 0,            \"friction\": 0.6        }'\n        >\n        \n<div class=\"row\"  id=\"row-1018199050\">\n\n\t<div id=\"col-1549219889\" class=\"col small-12 large-12\"  >\n\t\t\t\t<div class=\"col-inner\"  >\n\t\t\t\n\t\t\t\n\t<div class=\"img has-hover img-radius x md-x lg-x y md-y lg-y\" id=\"image_523476844\">\n\t\t\t\t\t\t\t\t<div class=\"img-inner dark\" >\n\t\t\t<img loading=\"lazy\" decoding=\"async\" width=\"552\" height=\"695\" src=\"https:\/\/atfivegin.com\/wp-content\/uploads\/2023\/02\/ea38f0_b994ec52d2cc427eaecfa10d29c692af_mv2.jpg\" class=\"attachment-large size-large\" alt=\"Gin Nacional |\" srcset=\"https:\/\/atfivegin.com\/wp-content\/uploads\/2023\/02\/ea38f0_b994ec52d2cc427eaecfa10d29c692af_mv2.jpg 552w, https:\/\/atfivegin.com\/wp-content\/uploads\/2023\/02\/ea38f0_b994ec52d2cc427eaecfa10d29c692af_mv2-510x642.jpg 510w, https:\/\/atfivegin.com\/wp-content\/uploads\/2023\/02\/ea38f0_b994ec52d2cc427eaecfa10d29c692af_mv2-238x300.jpg 238w\" sizes=\"auto, (max-width: 552px) 100vw, 552px\" title=\"Gin Nacional |\">\t\t\t\t\t\t\n\t\t\t\t\t<\/div>\n\t\t\t\t\t\t\t\t\n<style>\n#image_523476844 {\n  width: 100%;\n}\n<\/style>\n\t<\/div>\n\t\n\t\t<\/div>\n\t\t\t\t\n<style>\n#col-1549219889 > .col-inner {\n  padding: 0px 28px 0px 28px;\n}\n<\/style>\n\t<\/div>\n\n\t\n<\/div>\n<div class=\"row\"  id=\"row-8781894\">\n\n\t<div id=\"col-659504239\" class=\"col small-12 large-12\"  >\n\t\t\t\t<div class=\"col-inner\"  >\n\t\t\t\n\t\t\t\n\t<div class=\"img has-hover img-radius x md-x lg-x y md-y lg-y\" id=\"image_1692316853\">\n\t\t\t\t\t\t\t\t<div class=\"img-inner dark\" >\n\t\t\t<img loading=\"lazy\" decoding=\"async\" width=\"552\" height=\"695\" src=\"https:\/\/atfivegin.com\/wp-content\/uploads\/2023\/02\/ea38f0_baad5c0dd3184b8fb1dc6331638f9c97_mv2.jpg\" class=\"attachment-large size-large\" alt=\"Gin Nacional |\" srcset=\"https:\/\/atfivegin.com\/wp-content\/uploads\/2023\/02\/ea38f0_baad5c0dd3184b8fb1dc6331638f9c97_mv2.jpg 552w, https:\/\/atfivegin.com\/wp-content\/uploads\/2023\/02\/ea38f0_baad5c0dd3184b8fb1dc6331638f9c97_mv2-510x642.jpg 510w, https:\/\/atfivegin.com\/wp-content\/uploads\/2023\/02\/ea38f0_baad5c0dd3184b8fb1dc6331638f9c97_mv2-238x300.jpg 238w\" sizes=\"auto, (max-width: 552px) 100vw, 552px\" title=\"Gin Nacional |\">\t\t\t\t\t\t\n\t\t\t\t\t<\/div>\n\t\t\t\t\t\t\t\t\n<style>\n#image_1692316853 {\n  width: 100%;\n}\n<\/style>\n\t<\/div>\n\t\n\t\t<\/div>\n\t\t\t\t\n<style>\n#col-659504239 > .col-inner {\n  padding: 0px 28px0px 0px 28px;\n}\n<\/style>\n\t<\/div>\n\n\t\n<\/div>\n     <\/div>\n\n     <div class=\"loading-spin dark large centered\"><\/div>\n\n\t\n<style>\n#slider-1463790987 .flickity-slider > * {\n  max-width: 90%!important;\n}\n<\/style>\n<\/div>\n\n\n\t\t<\/div>\n\t\t\t\t\n<style>\n#col-968534267 > .col-inner {\n  border-radius: 12px;\n}\n<\/style>\n\t<\/div>\n\n\t\n<\/div>\n\t\t<\/div>\n\n\t\t\n<style>\n#section_617945458 {\n  padding-top: 30px;\n  padding-bottom: 30px;\n}\n<\/style>\n\t<\/section>","protected":false},"excerpt":{"rendered":"","protected":false},"author":4,"featured_media":0,"parent":0,"menu_order":0,"comment_status":"closed","ping_status":"closed","template":"page-blank.php","meta":{"inline_featured_image":false,"footnotes":""},"class_list":["post-1159","page","type-page","status-publish","hentry"],"_links":{"self":[{"href":"https:\/\/atfivegin.com\/en\/wp-json\/wp\/v2\/pages\/1159","targetHints":{"allow":["GET"]}}],"collection":[{"href":"https:\/\/atfivegin.com\/en\/wp-json\/wp\/v2\/pages"}],"about":[{"href":"https:\/\/atfivegin.com\/en\/wp-json\/wp\/v2\/types\/page"}],"author":[{"embeddable":true,"href":"https:\/\/atfivegin.com\/en\/wp-json\/wp\/v2\/users\/4"}],"replies":[{"embeddable":true,"href":"https:\/\/atfivegin.com\/en\/wp-json\/wp\/v2\/comments?post=1159"}],"version-history":[{"count":0,"href":"https:\/\/atfivegin.com\/en\/wp-json\/wp\/v2\/pages\/1159\/revisions"}],"wp:attachment":[{"href":"https:\/\/atfivegin.com\/en\/wp-json\/wp\/v2\/media?parent=1159"}],"curies":[{"name":"wp","href":"https:\/\/api.w.org\/{rel}","templated":true}]}}